{"id":16933,"date":"2025-03-22T13:00:26","date_gmt":"2025-03-22T13:00:26","guid":{"rendered":"https:\/\/sagconstruction.co\/?page_id=16933"},"modified":"2026-02-25T11:49:06","modified_gmt":"2026-02-25T11:49:06","slug":"contact-us","status":"publish","type":"page","link":"https:\/\/sagconstruction.co\/english\/contact-us\/","title":{"rendered":"Contact Us"},"content":{"rendered":"\t\t<div data-elementor-type=\"wp-page\" data-elementor-id=\"16933\" class=\"elementor elementor-16933\">\n\t\t\t\t        <section class=\"elementor-section elementor-top-section elementor-element elementor-element-7104385 elementor-section-full_width elementor-section-height-default elementor-section-height-default pxl-row-scroll-none pxl-zoom-point-false pxl-section-overflow-visible pxl-section-fix-none pxl-full-content-with-space-none pxl-bg-color-none pxl-section-overlay-none\" data-id=\"7104385\" data-element_type=\"section\" data-e-type=\"section\">\n\n                \n                <div class=\"elementor-container elementor-column-gap-default \">\n                <div class=\"elementor-column elementor-col-100 elementor-top-column elementor-element elementor-element-49ba69d pxl-column-overflow-hidden-yes pxl-border-layout1 pxl-column-none\" data-id=\"49ba69d\" data-element_type=\"column\" data-e-type=\"column\" data-settings=\"{&quot;background_background&quot;:&quot;classic&quot;}\">\r\n        <div class=\"elementor-widget-wrap elementor-element-populated\">\r\n            <div class=\"pxl-column-bg-parallax\" data-parallax=\"{&quot;y&quot;:-50}\"><\/div>         \r\n                <section class=\"elementor-section elementor-inner-section elementor-element elementor-element-edbe39a elementor-section-full_width elementor-section-height-default elementor-section-height-default pxl-row-scroll-none pxl-zoom-point-false pxl-section-overflow-visible pxl-section-fix-none pxl-full-content-with-space-none pxl-bg-color-none pxl-section-overlay-none\" data-id=\"edbe39a\" data-element_type=\"section\" data-e-type=\"section\">\n\n                \n                <div class=\"elementor-container elementor-column-gap-default \">\n                <div class=\"elementor-column elementor-col-33 elementor-inner-column elementor-element elementor-element-ff3accb pxl-main-post pxl-column-none pxl-column-overflow-hidden-no\" data-id=\"ff3accb\" data-element_type=\"column\" data-e-type=\"column\">\r\n        <div class=\"elementor-widget-wrap elementor-element-populated\">\r\n                     \r\n        \t\t<div class=\"elementor-element elementor-element-989cc71 elementor-widget elementor-widget-pxl_icon_box\" data-id=\"989cc71\" data-element_type=\"widget\" data-e-type=\"widget\" data-widget_type=\"pxl_icon_box.default\">\n\t\t\t\t<div class=\"elementor-widget-container\">\n\t\t\t\t\t<div class=\"pxl-icon-box pxl-icon-box6\">\r\n\t<div class=\"pxl-item-inner \" data-wow-delay=\"ms\">\r\n\t\t<div class=\"pxl-meta-content\">\r\n            <div class=\"pxl-inner-top\">\r\n                <div class=\"pxl-item-title\">\r\n                    Telefon                <\/div>\r\n                <div class=\"pxl-sub-title\">\r\n                    Na telefononi ne numrin tone te telefonit                <\/div>\r\n            <\/div>\r\n\t\t\t<div class=\"content-inner\">\r\n                                    <div class=\"pxl-item--icon pxl-mr-16\">\r\n                        <i aria-hidden=\"true\" class=\"fas fa-phone-alt\"><\/i>                    <\/div>\r\n                                                <div class=\"pxl-title-link\">\r\n                    <a href=\"tel:+355698067617\">\r\n                        + 355 69 80 67 617                    <\/a>\r\n                <\/div>\r\n\t\t\t<\/div>\r\n\t\t<\/div>\r\n\t<\/div>\r\n<\/div>\t\t\t\t<\/div>\n\t\t\t\t<\/div>\n\t\t            <\/div>\r\n        <\/div>\r\n                <div class=\"elementor-column elementor-col-33 elementor-inner-column elementor-element elementor-element-12e140e pxl-main-post pxl-column-none pxl-column-overflow-hidden-no\" data-id=\"12e140e\" data-element_type=\"column\" data-e-type=\"column\">\r\n        <div class=\"elementor-widget-wrap elementor-element-populated\">\r\n                     \r\n        \t\t<div class=\"elementor-element elementor-element-9e52982 elementor-widget elementor-widget-pxl_icon_box\" data-id=\"9e52982\" data-element_type=\"widget\" data-e-type=\"widget\" data-widget_type=\"pxl_icon_box.default\">\n\t\t\t\t<div class=\"elementor-widget-container\">\n\t\t\t\t\t<div class=\"pxl-icon-box pxl-icon-box6\">\r\n\t<div class=\"pxl-item-inner \" data-wow-delay=\"ms\">\r\n\t\t<div class=\"pxl-meta-content\">\r\n            <div class=\"pxl-inner-top\">\r\n                <div class=\"pxl-item-title\">\r\n                    E-mail                <\/div>\r\n                <div class=\"pxl-sub-title\">\r\n                    Na dergoni email                <\/div>\r\n            <\/div>\r\n\t\t\t<div class=\"content-inner\">\r\n                                    <div class=\"pxl-item--icon pxl-mr-16\">\r\n                        <svg xmlns=\"http:\/\/www.w3.org\/2000\/svg\" width=\"16\" height=\"12\" viewBox=\"0 0 16 12\"><path d=\"M1.5 0H14.5C15.3125 0 16 0.6875 16 1.5C16 2 15.75 2.4375 15.375 2.71875L8.59375 7.8125C8.21875 8.09375 7.75 8.09375 7.375 7.8125L0.59375 2.71875C0.21875 2.4375 0 2 0 1.5C0 0.6875 0.65625 0 1.5 0ZM0 3.5L6.78125 8.625C7.5 9.15625 8.46875 9.15625 9.1875 8.625L16 3.5V10C16 11.125 15.0938 12 14 12H2C0.875 12 0 11.125 0 10V3.5Z\" fill=\"#EF4824\"><\/path><\/svg>                    <\/div>\r\n                                                <div class=\"pxl-title-link\">\r\n                    <a href=\"mailto:info@sag.construction.co\">\r\n                        info@sag.construction.co                    <\/a>\r\n                <\/div>\r\n\t\t\t<\/div>\r\n\t\t<\/div>\r\n\t<\/div>\r\n<\/div>\t\t\t\t<\/div>\n\t\t\t\t<\/div>\n\t\t            <\/div>\r\n        <\/div>\r\n                <div class=\"elementor-column elementor-col-33 elementor-inner-column elementor-element elementor-element-e9a480c pxl-column-none pxl-column-overflow-hidden-no\" data-id=\"e9a480c\" data-element_type=\"column\" data-e-type=\"column\">\r\n        <div class=\"elementor-widget-wrap elementor-element-populated\">\r\n                     \r\n        \t\t<div class=\"elementor-element elementor-element-c6d9bf6 elementor-widget elementor-widget-pxl_icon_box\" data-id=\"c6d9bf6\" data-element_type=\"widget\" data-e-type=\"widget\" data-widget_type=\"pxl_icon_box.default\">\n\t\t\t\t<div class=\"elementor-widget-container\">\n\t\t\t\t\t<div class=\"pxl-icon-box pxl-icon-box6\">\r\n\t<div class=\"pxl-item-inner \" data-wow-delay=\"ms\">\r\n\t\t<div class=\"pxl-meta-content\">\r\n            <div class=\"pxl-inner-top\">\r\n                <div class=\"pxl-item-title\">\r\n                    Orari Punes                <\/div>\r\n                <div class=\"pxl-sub-title\">\r\n                    Ejani prane  zyrave tona                <\/div>\r\n            <\/div>\r\n\t\t\t<div class=\"content-inner\">\r\n                                    <div class=\"pxl-item--icon pxl-mr-16\">\r\n                        <i aria-hidden=\"true\" class=\"fas fa-clock\"><\/i>                    <\/div>\r\n                                                <div class=\"pxl-title-link\">\r\n                    <a >\r\n                        E Hen - E Sht: 9.00 - 17.00                     <\/a>\r\n                <\/div>\r\n\t\t\t<\/div>\r\n\t\t<\/div>\r\n\t<\/div>\r\n<\/div>\t\t\t\t<\/div>\n\t\t\t\t<\/div>\n\t\t            <\/div>\r\n        <\/div>\r\n        \t\t\t<\/div>\n\t\t<\/section>\n\t\t            <\/div>\r\n        <\/div>\r\n        \t\t\t<\/div>\n\t\t<\/section>\n\t\t        <section class=\"elementor-section elementor-top-section elementor-element elementor-element-cc2c18c elementor-section-full_width elementor-section-height-default elementor-section-height-default pxl-row-scroll-none pxl-zoom-point-false pxl-section-overflow-visible pxl-section-fix-none pxl-full-content-with-space-none pxl-bg-color-none pxl-section-overlay-none\" data-id=\"cc2c18c\" data-element_type=\"section\" data-e-type=\"section\">\n\n                \n                <div class=\"elementor-container elementor-column-gap-default \">\n                <div class=\"elementor-column elementor-col-50 elementor-top-column elementor-element elementor-element-555eaf2 pxl-column-none pxl-column-overflow-hidden-no\" data-id=\"555eaf2\" data-element_type=\"column\" data-e-type=\"column\">\r\n        <div class=\"elementor-widget-wrap elementor-element-populated\">\r\n                     \r\n        \t\t<div class=\"elementor-element elementor-element-793463c elementor-widget elementor-widget-pxl_heading\" data-id=\"793463c\" data-element_type=\"widget\" data-e-type=\"widget\" data-widget_type=\"pxl_heading.default\">\n\t\t\t\t<div class=\"elementor-widget-container\">\n\t\t\t\t\t\n<div id=\"pxl-pxl_heading-793463c-9826\" class=\"pxl-heading px-sub-title-default-style \">\n\t<div class=\"pxl-heading--inner\">\n\t\t<div class=\"pxl-heading-content\">\n\t\t\t\t\t\t\t<div class=\"pxl-item--subtitle px-sub-title-default \" data-wow-delay=\"ms\">\n\t\t\t\t\t<span class=\"pxl-item--subtext\">\n\t\t\t\t\t\t\t\t\t\t\t\tKontakto Tani\t\t\t\t\t<\/span>\n\t\t\t\t<\/div>\n\t\t\t\n\t\t\t<h6 class=\"pxl-item--title style-default highlight-default pxl-split-text split-in-up\" data-wow-delay=\"300ms\">\n\t\t\t\t\n\t\t\t\t\n\t\t\t\t\t\t\t\t\tKontakto per me shume informacion!\t\n\t\t\t\t\t\n\t\t\t<\/h6>\n\t\t<\/div>\n\t<\/div>\n<\/div>\t\t\t\t<\/div>\n\t\t\t\t<\/div>\n\t\t        <section class=\"elementor-section elementor-inner-section elementor-element elementor-element-392c0c2 elementor-section-boxed elementor-section-height-default elementor-section-height-default pxl-row-scroll-none pxl-zoom-point-false pxl-section-overflow-visible pxl-section-fix-none pxl-bg-color-none pxl-section-overlay-none\" data-id=\"392c0c2\" data-element_type=\"section\" data-e-type=\"section\">\n\n                \n                <div class=\"elementor-container elementor-column-gap-extended \">\n                <div class=\"elementor-column elementor-col-100 elementor-inner-column elementor-element elementor-element-4e22ba1 pxl-main-pricing pxl-column-none pxl-column-overflow-hidden-no\" data-id=\"4e22ba1\" data-element_type=\"column\" data-e-type=\"column\">\r\n        <div class=\"elementor-widget-wrap elementor-element-populated\">\r\n                     \r\n        \t\t<div class=\"elementor-element elementor-element-cd5b117 elementor-widget elementor-widget-google_maps\" data-id=\"cd5b117\" data-element_type=\"widget\" data-e-type=\"widget\" data-widget_type=\"google_maps.default\">\n\t\t\t\t<div class=\"elementor-widget-container\">\n\t\t\t\t\t\t\t<div class=\"elementor-custom-embed\">\n\t\t\t<iframe loading=\"lazy\"\n\t\t\t\t\tsrc=\"https:\/\/maps.google.com\/maps?q=tirane&#038;t=m&#038;z=10&#038;output=embed&#038;iwloc=near\"\n\t\t\t\t\ttitle=\"tirane\"\n\t\t\t\t\taria-label=\"tirane\"\n\t\t\t><\/iframe>\n\t\t<\/div>\n\t\t\t\t\t\t<\/div>\n\t\t\t\t<\/div>\n\t\t            <\/div>\r\n        <\/div>\r\n        \t\t\t<\/div>\n\t\t<\/section>\n\t\t            <\/div>\r\n        <\/div>\r\n                <div class=\"elementor-column elementor-col-50 elementor-top-column elementor-element elementor-element-9963183 pxl-column-none pxl-column-overflow-hidden-no\" data-id=\"9963183\" data-element_type=\"column\" data-e-type=\"column\">\r\n        <div class=\"elementor-widget-wrap elementor-element-populated\">\r\n                     \r\n        \t\t<div class=\"elementor-element elementor-element-320eb0c elementor-widget elementor-widget-shortcode\" data-id=\"320eb0c\" data-element_type=\"widget\" data-e-type=\"widget\" data-widget_type=\"shortcode.default\">\n\t\t\t\t<div class=\"elementor-widget-container\">\n\t\t\t\t\t\t\t<div class=\"elementor-shortcode\"><div class='fluentform ff-default fluentform_wrapper_1 ffs_default_wrap'><form data-form_id=\"1\" id=\"fluentform_1\" class=\"frm-fluent-form fluent_form_1 ff-el-form-top ff_form_instance_1_1 ff-form-loading ffs_default\" data-form_instance=\"ff_form_instance_1_1\" method=\"POST\" ><fieldset  style=\"border: none!important;margin: 0!important;padding: 0!important;background-color: transparent!important;box-shadow: none!important;outline: none!important; min-inline-size: 100%;\">\n                    <legend class=\"ff_screen_reader_title\" style=\"display: block; margin: 0!important;padding: 0!important;height: 0!important;text-indent: -999999px;width: 0!important;overflow:hidden;\">Contact Form Demo<\/legend><input type='hidden' name='__fluent_form_embded_post_id' value='16933' \/><input type=\"hidden\" id=\"_fluentform_1_fluentformnonce\" name=\"_fluentform_1_fluentformnonce\" value=\"3ba22f6a4e\" \/><input type=\"hidden\" name=\"_wp_http_referer\" value=\"\/english\/wp-json\/wp\/v2\/pages\/16933\" \/><div data-type=\"name-element\" data-name=\"names\" class=\" ff-field_container ff-name-field-wrapper\" ><div class='ff-t-container'><div class='ff-t-cell '><div class='ff-el-group'><div class=\"ff-el-input--label asterisk-right\"><label for='ff_1_names_first_name_' id='label_ff_1_names_first_name_' >Emri<\/label><\/div><div class='ff-el-input--content'><input type=\"text\" name=\"names[first_name]\" id=\"ff_1_names_first_name_\" class=\"ff-el-form-control\" aria-invalid=\"false\" aria-required=false><\/div><\/div><\/div><\/div><\/div><div class='ff-el-group'><div class=\"ff-el-input--label ff-el-is-required asterisk-right\"><label for='ff_1_email' id='label_ff_1_email' aria-label=\"Email\">Email<\/label><\/div><div class='ff-el-input--content'><input type=\"email\" name=\"email\" id=\"ff_1_email\" class=\"ff-el-form-control\" placeholder=\"Adresa e Email\" data-name=\"email\"  aria-invalid=\"false\" aria-required=true><\/div><\/div><div class='ff-el-group'><div class=\"ff-el-input--label asterisk-right\"><label for='ff_1_subject' id='label_ff_1_subject' aria-label=\"Titulli\">Titulli<\/label><\/div><div class='ff-el-input--content'><input type=\"text\" name=\"subject\" class=\"ff-el-form-control\" placeholder=\"Titulli\" data-name=\"subject\" id=\"ff_1_subject\"  aria-invalid=\"false\" aria-required=false><\/div><\/div><div class='ff-el-group'><div class=\"ff-el-input--label asterisk-right\"><label for='ff_1_dropdown' id='label_ff_1_dropdown' aria-label=\"Sherbimi\">Sherbimi<\/label><\/div><div class='ff-el-input--content'><select name=\"dropdown\" id=\"ff_1_dropdown\" class=\"ff-el-form-control\" data-name=\"dropdown\" data-calc_value=\"0\"  aria-invalid=\"false\" aria-required=\"false\" aria-labelledby=\"label_ff_1_dropdown\"><option value=\"\">- Zgjidhni llojin e sh\u00ebrbimit t\u00eb d\u00ebshiruar -<\/option><option value=\"Nd\u00ebrtim\"  >Nd\u00ebrtim<\/option><option value=\"Prona\"  >Prona<\/option><\/select><\/div><\/div><div class='ff-el-group'><div class=\"ff-el-input--label ff-el-is-required asterisk-right\"><label for='ff_1_message' id='label_ff_1_message' aria-label=\"Mesazhi Juaj\">Mesazhi Juaj<\/label><\/div><div class='ff-el-input--content'><textarea aria-required=\"true\" aria-labelledby=\"label_ff_1_message\" name=\"message\" id=\"ff_1_message\" class=\"ff-el-form-control\" placeholder=\"Mesazhi Juaj\" rows=\"4\" cols=\"2\" data-name=\"message\" ><\/textarea><\/div><\/div><div class='ff-el-group ff-text-left ff_submit_btn_wrapper'><button type=\"submit\" class=\"ff-btn ff-btn-submit ff-btn-md ff_btn_style\"  aria-label=\"Kontakto Tani\">Kontakto Tani<\/button><\/div><\/fieldset><\/form><div id='fluentform_1_errors' class='ff-errors-in-stack ff_form_instance_1_1 ff-form-loading_errors ff_form_instance_1_1_errors'><\/div><\/div>            <script type=\"text\/javascript\">\n                window.fluent_form_ff_form_instance_1_1 = {\"id\":\"1\",\"ajaxUrl\":\"https:\\\/\\\/sagconstruction.co\\\/wp-admin\\\/admin-ajax.php\",\"settings\":{\"layout\":{\"labelPlacement\":\"top\",\"helpMessagePlacement\":\"with_label\",\"errorMessagePlacement\":\"inline\",\"cssClassName\":\"\",\"asteriskPlacement\":\"asterisk-right\"},\"restrictions\":{\"denyEmptySubmission\":{\"enabled\":false}}},\"form_instance\":\"ff_form_instance_1_1\",\"form_id_selector\":\"fluentform_1\",\"rules\":{\"names[first_name]\":{\"required\":{\"value\":false,\"message\":\"This field is required\",\"global\":false,\"global_message\":\"This field is required\"}},\"names[middle_name]\":{\"required\":{\"value\":false,\"message\":\"This field is required\",\"global\":false,\"global_message\":\"This field is required\"}},\"names[last_name]\":{\"required\":{\"value\":false,\"message\":\"This field is required\",\"global\":false,\"global_message\":\"This field is required\"}},\"email\":{\"required\":{\"value\":true,\"message\":\"This field is required\",\"global\":false,\"global_message\":\"This field is required\"},\"email\":{\"value\":true,\"message\":\"This field must contain a valid email\",\"global\":false,\"global_message\":\"This field must contain a valid email\"}},\"subject\":{\"required\":{\"value\":false,\"message\":\"This field is required\",\"global\":false,\"global_message\":\"This field is required\"}},\"dropdown\":{\"required\":{\"value\":false,\"message\":\"This field is required\",\"global_message\":\"This field is required\",\"global\":true}},\"message\":{\"required\":{\"value\":true,\"message\":\"This field is required\",\"global\":false,\"global_message\":\"This field is required\"}}},\"debounce_time\":300};\n                            <\/script>\n            <\/div>\n\t\t\t\t\t\t<\/div>\n\t\t\t\t<\/div>\n\t\t            <\/div>\r\n        <\/div>\r\n        \t\t\t<\/div>\n\t\t<\/section>\n\t\t\t\t<\/div>\n\t\t","protected":false},"excerpt":{"rendered":"<p>Telefon Na telefononi ne numrin tone te telefonit + 355 69 80 67 617 E-mail Na dergoni email info@sag.construction.co Orari Punes Ejani prane zyrave tona E Hen &#8211; E Sht: 9.00 &#8211; 17.00 Kontakto Tani Kontakto per me shume informacion!<\/p>","protected":false},"author":2,"featured_media":0,"parent":0,"menu_order":0,"comment_status":"closed","ping_status":"closed","template":"","meta":{"footnotes":""},"class_list":["post-16933","page","type-page","status-publish","hentry"],"_links":{"self":[{"href":"https:\/\/sagconstruction.co\/english\/wp-json\/wp\/v2\/pages\/16933","targetHints":{"allow":["GET"]}}],"collection":[{"href":"https:\/\/sagconstruction.co\/english\/wp-json\/wp\/v2\/pages"}],"about":[{"href":"https:\/\/sagconstruction.co\/english\/wp-json\/wp\/v2\/types\/page"}],"author":[{"embeddable":true,"href":"https:\/\/sagconstruction.co\/english\/wp-json\/wp\/v2\/users\/2"}],"replies":[{"embeddable":true,"href":"https:\/\/sagconstruction.co\/english\/wp-json\/wp\/v2\/comments?post=16933"}],"version-history":[{"count":6,"href":"https:\/\/sagconstruction.co\/english\/wp-json\/wp\/v2\/pages\/16933\/revisions"}],"predecessor-version":[{"id":19728,"href":"https:\/\/sagconstruction.co\/english\/wp-json\/wp\/v2\/pages\/16933\/revisions\/19728"}],"wp:attachment":[{"href":"https:\/\/sagconstruction.co\/english\/wp-json\/wp\/v2\/media?parent=16933"}],"curies":[{"name":"wp","href":"https:\/\/api.w.org\/{rel}","templated":true}]}}